{"id":16,"date":"2025-03-24T08:54:05","date_gmt":"2025-03-24T08:54:05","guid":{"rendered":"https:\/\/nebulizacion.eu\/?page_id=16"},"modified":"2025-09-28T20:05:49","modified_gmt":"2025-09-28T20:05:49","slug":"noticias","status":"publish","type":"page","link":"https:\/\/nebulizacion.eu\/en\/noticias\/","title":{"rendered":"News"},"content":{"rendered":"<div data-elementor-type=\"wp-page\" data-elementor-id=\"16\" class=\"elementor elementor-16\" data-elementor-post-type=\"page\">\n\t\t\t\t<div class=\"elementor-element elementor-element-77b1d855 e-flex e-con-boxed e-con e-parent\" data-id=\"77b1d855\" data-element_type=\"container\" data-e-type=\"container\" data-settings=\"{&quot;background_background&quot;:&quot;classic&quot;}\">\n\t\t\t\t\t<div class=\"e-con-inner\">\n\t\t\t\t<div class=\"elementor-element elementor-element-40360bcb elementor-widget elementor-widget-heading\" data-id=\"40360bcb\" data-element_type=\"widget\" data-e-type=\"widget\" data-widget_type=\"heading.default\">\n\t\t\t\t<div class=\"elementor-widget-container\">\n\t\t\t\t\t<h2 class=\"elementor-heading-title elementor-size-default\">News<\/h2>\t\t\t\t<\/div>\n\t\t\t\t<\/div>\n\t\t\t\t\t<\/div>\n\t\t\t\t<\/div>\n\t\t<div class=\"elementor-element elementor-element-f9a5720 e-flex e-con-boxed e-con e-parent\" data-id=\"f9a5720\" data-element_type=\"container\" data-e-type=\"container\">\n\t\t\t\t\t<div class=\"e-con-inner\">\n\t\t\t\t<div class=\"elementor-element elementor-element-76f47db elementor-grid-4 elementor-grid-tablet-2 elementor-grid-mobile-1 elementor-posts--thumbnail-top elementor-card-shadow-yes elementor-posts__hover-gradient elementor-widget elementor-widget-posts\" data-id=\"76f47db\" data-element_type=\"widget\" data-e-type=\"widget\" data-settings=\"{&quot;cards_columns&quot;:&quot;4&quot;,&quot;cards_masonry&quot;:&quot;yes&quot;,&quot;cards_columns_tablet&quot;:&quot;2&quot;,&quot;cards_columns_mobile&quot;:&quot;1&quot;,&quot;cards_row_gap&quot;:{&quot;unit&quot;:&quot;px&quot;,&quot;size&quot;:35,&quot;sizes&quot;:[]},&quot;cards_row_gap_tablet&quot;:{&quot;unit&quot;:&quot;px&quot;,&quot;size&quot;:&quot;&quot;,&quot;sizes&quot;:[]},&quot;cards_row_gap_mobile&quot;:{&quot;unit&quot;:&quot;px&quot;,&quot;size&quot;:&quot;&quot;,&quot;sizes&quot;:[]}}\" data-widget_type=\"posts.cards\">\n\t\t\t\t<div class=\"elementor-widget-container\">\n\t\t\t\t\t\t\t<div class=\"elementor-posts-container elementor-posts elementor-posts--skin-cards elementor-grid\" role=\"list\">\n\t\t\t\t<article class=\"elementor-post elementor-grid-item post-1758 post type-post status-publish format-standard has-post-thumbnail hentry category-noticias\" role=\"listitem\">\n\t\t\t<div class=\"elementor-post__card\">\n\t\t\t\t<a class=\"elementor-post__thumbnail__link\" href=\"https:\/\/nebulizacion.eu\/en\/arranca-la-edicion-mas-espectacular-de-fruit-attraction\/\" tabindex=\"-1\" ><div class=\"elementor-post__thumbnail\"><img fetchpriority=\"high\" decoding=\"async\" width=\"300\" height=\"169\" src=\"https:\/\/nebulizacion.eu\/wp-content\/uploads\/2025\/09\/ccde995e-33d0-44df-90cf-8b526935468a-300x169.jpg\" class=\"attachment-medium size-medium wp-image-1761\" alt=\"\" srcset=\"https:\/\/nebulizacion.eu\/wp-content\/uploads\/2025\/09\/ccde995e-33d0-44df-90cf-8b526935468a-300x169.jpg 300w, https:\/\/nebulizacion.eu\/wp-content\/uploads\/2025\/09\/ccde995e-33d0-44df-90cf-8b526935468a-1024x577.jpg 1024w, https:\/\/nebulizacion.eu\/wp-content\/uploads\/2025\/09\/ccde995e-33d0-44df-90cf-8b526935468a-768x432.jpg 768w, https:\/\/nebulizacion.eu\/wp-content\/uploads\/2025\/09\/ccde995e-33d0-44df-90cf-8b526935468a-1536x865.jpg 1536w, https:\/\/nebulizacion.eu\/wp-content\/uploads\/2025\/09\/ccde995e-33d0-44df-90cf-8b526935468a.jpg 1600w\" sizes=\"(max-width: 300px) 100vw, 300px\" \/><\/div><\/a>\n\t\t\t\t<div class=\"elementor-post__badge\">News<\/div>\n\t\t\t\t<div class=\"elementor-post__text\">\n\t\t\t\t<h3 class=\"elementor-post__title\">\n\t\t\t<a href=\"https:\/\/nebulizacion.eu\/en\/arranca-la-edicion-mas-espectacular-de-fruit-attraction\/\" >\n\t\t\t\tThe most spectacular edition of Fruit Attraction is underway\t\t\t<\/a>\n\t\t<\/h3>\n\t\t\t\t<div class=\"elementor-post__excerpt\">\n\t\t\t<p>Una vez m\u00e1s, Aqualife se convierte en el centro de todas las miradas con su innovador sistema de nebulizaci\u00f3n para frutas y hortalizas.<\/p>\n\t\t<\/div>\n\t\t\n\t\t<a class=\"elementor-post__read-more\" href=\"https:\/\/nebulizacion.eu\/en\/arranca-la-edicion-mas-espectacular-de-fruit-attraction\/\" aria-label=\"Read more about Arranca la edicion m\u00e1s espectacular de Fruit Attraction\" tabindex=\"-1\" >\n\t\t\tLeer m\u00e1s \u00bb\t\t<\/a>\n\n\t\t\t\t<\/div>\n\t\t\t\t\t<\/div>\n\t\t<\/article>\n\t\t\t\t<article class=\"elementor-post elementor-grid-item post-1 post type-post status-publish format-standard has-post-thumbnail hentry category-noticias\" role=\"listitem\">\n\t\t\t<div class=\"elementor-post__card\">\n\t\t\t\t<a class=\"elementor-post__thumbnail__link\" href=\"https:\/\/nebulizacion.eu\/en\/aqualife-patrocina-el-13o-congreso-aecoc-de-desperdicio-alimentario\/\" tabindex=\"-1\" ><div class=\"elementor-post__thumbnail\"><img decoding=\"async\" width=\"300\" height=\"200\" src=\"https:\/\/nebulizacion.eu\/wp-content\/uploads\/2025\/03\/03-AECOC-Desperdicio-alimentario-23septiembre2025-Custiones-de-orden-016-300x200.jpg\" class=\"attachment-medium size-medium wp-image-1331\" alt=\"\" srcset=\"https:\/\/nebulizacion.eu\/wp-content\/uploads\/2025\/03\/03-AECOC-Desperdicio-alimentario-23septiembre2025-Custiones-de-orden-016-300x200.jpg 300w, https:\/\/nebulizacion.eu\/wp-content\/uploads\/2025\/03\/03-AECOC-Desperdicio-alimentario-23septiembre2025-Custiones-de-orden-016-1024x683.jpg 1024w, https:\/\/nebulizacion.eu\/wp-content\/uploads\/2025\/03\/03-AECOC-Desperdicio-alimentario-23septiembre2025-Custiones-de-orden-016-768x512.jpg 768w, https:\/\/nebulizacion.eu\/wp-content\/uploads\/2025\/03\/03-AECOC-Desperdicio-alimentario-23septiembre2025-Custiones-de-orden-016-1536x1024.jpg 1536w, https:\/\/nebulizacion.eu\/wp-content\/uploads\/2025\/03\/03-AECOC-Desperdicio-alimentario-23septiembre2025-Custiones-de-orden-016.jpg 1600w\" sizes=\"(max-width: 300px) 100vw, 300px\" \/><\/div><\/a>\n\t\t\t\t<div class=\"elementor-post__badge\">News<\/div>\n\t\t\t\t<div class=\"elementor-post__text\">\n\t\t\t\t<h3 class=\"elementor-post__title\">\n\t\t\t<a href=\"https:\/\/nebulizacion.eu\/en\/aqualife-patrocina-el-13o-congreso-aecoc-de-desperdicio-alimentario\/\" >\n\t\t\t\tAqualife sponsors the 13th AECOC Congress on food waste\t\t\t<\/a>\n\t\t<\/h3>\n\t\t\t\t<div class=\"elementor-post__excerpt\">\n\t\t\t<p>Aqualife sponsored the 27th AECOC Congress on fruits and vegetables<br \/>\n\u00bfPor qu\u00e9 es mejor prevenir que curar?<\/p>\n\t\t<\/div>\n\t\t\n\t\t<a class=\"elementor-post__read-more\" href=\"https:\/\/nebulizacion.eu\/en\/aqualife-patrocina-el-13o-congreso-aecoc-de-desperdicio-alimentario\/\" aria-label=\"Read more about Aqualife patrocina el 13\u00ba Congreso AECOC de desperdicio alimentario\" tabindex=\"-1\" >\n\t\t\tLeer m\u00e1s \u00bb\t\t<\/a>\n\n\t\t\t\t<\/div>\n\t\t\t\t\t<\/div>\n\t\t<\/article>\n\t\t\t\t<article class=\"elementor-post elementor-grid-item post-826 post type-post status-publish format-standard has-post-thumbnail hentry category-noticias\" role=\"listitem\">\n\t\t\t<div class=\"elementor-post__card\">\n\t\t\t\t<a class=\"elementor-post__thumbnail__link\" href=\"https:\/\/nebulizacion.eu\/en\/nueva-isla-refrigerada-vx\/\" tabindex=\"-1\" ><div class=\"elementor-post__thumbnail\"><img decoding=\"async\" width=\"300\" height=\"238\" src=\"https:\/\/nebulizacion.eu\/wp-content\/uploads\/2025\/09\/Isla-VX-Cube-img-popup-BR-300x238.png\" class=\"attachment-medium size-medium wp-image-822\" alt=\"\" srcset=\"https:\/\/nebulizacion.eu\/wp-content\/uploads\/2025\/09\/Isla-VX-Cube-img-popup-BR-300x238.png 300w, https:\/\/nebulizacion.eu\/wp-content\/uploads\/2025\/09\/Isla-VX-Cube-img-popup-BR.png 500w\" sizes=\"(max-width: 300px) 100vw, 300px\" \/><\/div><\/a>\n\t\t\t\t<div class=\"elementor-post__badge\">News<\/div>\n\t\t\t\t<div class=\"elementor-post__text\">\n\t\t\t\t<h3 class=\"elementor-post__title\">\n\t\t\t<a href=\"https:\/\/nebulizacion.eu\/en\/nueva-isla-refrigerada-vx\/\" >\n\t\t\t\tNew refrigerated open island case\t\t\t<\/a>\n\t\t<\/h3>\n\t\t\t\t<div class=\"elementor-post__excerpt\">\n\t\t\t<p>La nueva isla refrigerada VX es una soluci\u00f3n integral para exponer producto para venta por impulso cumpliendo con la nueva normativa de temperaturas. Evite operaciones y traslados de productos, y lidere en ventas de producto de temporada.. <\/p>\n\t\t<\/div>\n\t\t\n\t\t<a class=\"elementor-post__read-more\" href=\"https:\/\/nebulizacion.eu\/en\/nueva-isla-refrigerada-vx\/\" aria-label=\"Read more about Nueva Isla Refrigerada VX\" tabindex=\"-1\" >\n\t\t\tLeer m\u00e1s \u00bb\t\t<\/a>\n\n\t\t\t\t<\/div>\n\t\t\t\t\t<\/div>\n\t\t<\/article>\n\t\t\t\t<article class=\"elementor-post elementor-grid-item post-1784 post type-post status-publish format-standard has-post-thumbnail hentry category-noticias\" role=\"listitem\">\n\t\t\t<div class=\"elementor-post__card\">\n\t\t\t\t<a class=\"elementor-post__thumbnail__link\" href=\"https:\/\/nebulizacion.eu\/en\/aqualife-patrocino-el-27o-congreso-aecoc-de-frutas-y-hortalizas\/\" tabindex=\"-1\" ><div class=\"elementor-post__thumbnail\"><img loading=\"lazy\" decoding=\"async\" width=\"300\" height=\"174\" src=\"https:\/\/nebulizacion.eu\/wp-content\/uploads\/2025\/09\/Aqualife-patrocio-el-27o-congreso-AECOC-de-frutas-y-hortalizas-300x174.jpg\" class=\"attachment-medium size-medium wp-image-1787\" alt=\"\" srcset=\"https:\/\/nebulizacion.eu\/wp-content\/uploads\/2025\/09\/Aqualife-patrocio-el-27o-congreso-AECOC-de-frutas-y-hortalizas-300x174.jpg 300w, https:\/\/nebulizacion.eu\/wp-content\/uploads\/2025\/09\/Aqualife-patrocio-el-27o-congreso-AECOC-de-frutas-y-hortalizas-1024x594.jpg 1024w, https:\/\/nebulizacion.eu\/wp-content\/uploads\/2025\/09\/Aqualife-patrocio-el-27o-congreso-AECOC-de-frutas-y-hortalizas-768x445.jpg 768w, https:\/\/nebulizacion.eu\/wp-content\/uploads\/2025\/09\/Aqualife-patrocio-el-27o-congreso-AECOC-de-frutas-y-hortalizas-1536x891.jpg 1536w, https:\/\/nebulizacion.eu\/wp-content\/uploads\/2025\/09\/Aqualife-patrocio-el-27o-congreso-AECOC-de-frutas-y-hortalizas.jpg 1554w\" sizes=\"(max-width: 300px) 100vw, 300px\" \/><\/div><\/a>\n\t\t\t\t<div class=\"elementor-post__badge\">News<\/div>\n\t\t\t\t<div class=\"elementor-post__text\">\n\t\t\t\t<h3 class=\"elementor-post__title\">\n\t\t\t<a href=\"https:\/\/nebulizacion.eu\/en\/aqualife-patrocino-el-27o-congreso-aecoc-de-frutas-y-hortalizas\/\" >\n\t\t\t\tAqualife sponsored the 27th AECOC Congress on fruits and vegetables\t\t\t<\/a>\n\t\t<\/h3>\n\t\t\t\t<div class=\"elementor-post__excerpt\">\n\t\t\t<p>Un a\u00f1o m\u00e1s, durante el martes 27 y mi\u00e9rcoles 28 de mayo en el Palacio de Congresos de Valencia patrocinamos el 27\u00ba Congreso AECOC de Frutas y hotalizas<\/p>\n\t\t<\/div>\n\t\t\n\t\t<a class=\"elementor-post__read-more\" href=\"https:\/\/nebulizacion.eu\/en\/aqualife-patrocino-el-27o-congreso-aecoc-de-frutas-y-hortalizas\/\" aria-label=\"Read more about Aqualife patrocin\u00f3 el 27\u00ba Congreso AECOC de frutas y hortalizas\" tabindex=\"-1\" >\n\t\t\tLeer m\u00e1s \u00bb\t\t<\/a>\n\n\t\t\t\t<\/div>\n\t\t\t\t\t<\/div>\n\t\t<\/article>\n\t\t\t\t<\/div>\n\t\t\n\t\t\t\t\t\t<\/div>\n\t\t\t\t<\/div>\n\t\t\t\t\t<\/div>\n\t\t\t\t<\/div>\n\t\t\t\t<\/div>","protected":false},"excerpt":{"rendered":"<p>News<\/p>","protected":false},"author":4,"featured_media":0,"parent":0,"menu_order":0,"comment_status":"closed","ping_status":"closed","template":"elementor_header_footer","meta":{"footnotes":""},"class_list":["post-16","page","type-page","status-publish","hentry"],"_links":{"self":[{"href":"https:\/\/nebulizacion.eu\/en\/wp-json\/wp\/v2\/pages\/16","targetHints":{"allow":["GET"]}}],"collection":[{"href":"https:\/\/nebulizacion.eu\/en\/wp-json\/wp\/v2\/pages"}],"about":[{"href":"https:\/\/nebulizacion.eu\/en\/wp-json\/wp\/v2\/types\/page"}],"author":[{"embeddable":true,"href":"https:\/\/nebulizacion.eu\/en\/wp-json\/wp\/v2\/users\/4"}],"replies":[{"embeddable":true,"href":"https:\/\/nebulizacion.eu\/en\/wp-json\/wp\/v2\/comments?post=16"}],"version-history":[{"count":63,"href":"https:\/\/nebulizacion.eu\/en\/wp-json\/wp\/v2\/pages\/16\/revisions"}],"predecessor-version":[{"id":1622,"href":"https:\/\/nebulizacion.eu\/en\/wp-json\/wp\/v2\/pages\/16\/revisions\/1622"}],"wp:attachment":[{"href":"https:\/\/nebulizacion.eu\/en\/wp-json\/wp\/v2\/media?parent=16"}],"curies":[{"name":"wp","href":"https:\/\/api.w.org\/{rel}","templated":true}]}}