{"id":3,"date":"2025-03-21T13:00:29","date_gmt":"2025-03-21T13:00:29","guid":{"rendered":"https:\/\/nebulizacion.eu\/?page_id=3"},"modified":"2026-02-18T17:22:41","modified_gmt":"2026-02-18T17:22:41","slug":"politica_de_privacidad","status":"publish","type":"page","link":"https:\/\/nebulizacion.eu\/en\/politica_de_privacidad\/","title":{"rendered":"Pol\u00edtica de Privacidad"},"content":{"rendered":"<div data-elementor-type=\"wp-page\" data-elementor-id=\"3\" class=\"elementor elementor-3\" data-elementor-post-type=\"page\">\n\t\t\t\t<div class=\"elementor-element elementor-element-4fc19ed2 e-con-full e-flex e-con e-parent\" data-id=\"4fc19ed2\" data-element_type=\"container\" data-e-type=\"container\" data-settings=\"{&quot;background_background&quot;:&quot;classic&quot;,&quot;shape_divider_bottom&quot;:&quot;curve&quot;,&quot;shape_divider_bottom_negative&quot;:&quot;yes&quot;}\">\n\t\t\t\t<div class=\"elementor-shape elementor-shape-bottom\" aria-hidden=\"true\" data-negative=\"true\">\n\t\t\t<svg xmlns=\"http:\/\/www.w3.org\/2000\/svg\" viewbox=\"0 0 1000 100\" preserveaspectratio=\"none\">\n\t<path class=\"elementor-shape-fill\" d=\"M500,97C126.7,96.3,0.8,19.8,0,0v100l1000,0V1C1000,19.4,873.3,97.8,500,97z\"\/>\n<\/svg>\t\t<\/div>\n\t\t\t\t<div class=\"elementor-element elementor-element-3e1344a5 elementor-widget elementor-widget-heading\" data-id=\"3e1344a5\" data-element_type=\"widget\" data-e-type=\"widget\" data-widget_type=\"heading.default\">\n\t\t\t\t<div class=\"elementor-widget-container\">\n\t\t\t\t\t<h2 class=\"elementor-heading-title elementor-size-default\">Privacy policy<\/h2>\t\t\t\t<\/div>\n\t\t\t\t<\/div>\n\t\t\t\t<\/div>\n\t\t<div class=\"elementor-element elementor-element-52138864 e-flex e-con-boxed e-con e-parent\" data-id=\"52138864\" data-element_type=\"container\" data-e-type=\"container\" data-settings=\"{&quot;background_background&quot;:&quot;classic&quot;}\">\n\t\t\t\t\t<div class=\"e-con-inner\">\n\t\t\t\t<div class=\"elementor-element elementor-element-3911a22 elementor-widget elementor-widget-text-editor\" data-id=\"3911a22\" data-element_type=\"widget\" data-e-type=\"widget\" data-widget_type=\"text-editor.default\">\n\t\t\t\t<div class=\"elementor-widget-container\">\n\t\t\t\t\t\t\t\t\t<p><b>Who we are<\/b><b><\/b><\/p><p><strong>Samarketing SL<\/strong><br \/>La direcci\u00f3n de nuestro sitio web es <a href=\"https:\/\/hydrofresh.es\" target=\"_blank\" rel=\"noopener\">https:\/\/hydrofresh.es<\/a><\/p><p><b>Comentarios<\/b><b><\/b><\/p><p>When visitors leave comments on the site, we collect the data shown in the comments form, as well as the visitor's IP address and browser user agent string to help spam detection.<\/p><p>An anonymized string created from your email address (also called a hash) may be provided to the Gravatar service to verify whether you are using it. The Gravatar service privacy policy is available here: https:\/\/automattic.com\/privacy\/. After approval of your comment, your profile picture will be publicly visible in the context of your comment.<\/p><p><b>Multimedia<\/b><b><\/b><\/p><p>If you upload images to the website, avoid uploading images with embedded location data (GPS EXIF). Website visitors can download and extract any location data from images on the website.<\/p><p><b>Cookies<\/b><b><\/b><\/p><p>If you leave a comment on our site, you may opt to save your name, email address, and website in cookies. This is for your convenience so that you do not have to re-enter your details when leaving another comment. These cookies last for one year.<\/p><p>If you visit our login page, we will set a temporary cookie to determine if your browser accepts cookies. This cookie contains no personal data and is discarded when you close your browser. When you log in, we will also set several cookies to save your login information and your screen display choices. Login cookies last for two days, and screen options cookies last for one year. If you select \"Remember Me,\" your login will be retained for two weeks. If you log out, the login cookies will be removed. If you edit or publish an article, an additional cookie will be saved in your browser. This cookie contains no personal data and simply indicates the post ID of the article you just edited. It expires the following day.<\/p><p><b>Embedded content from other websites<\/b><b><\/b><\/p><p>Articles on this site may include embedded content (e.g., videos, images, articles, etc.). Embedded content from other websites behaves in the exact same way as if the visitor had visited the other website.<\/p><p>These websites may collect data about you, use cookies, embed additional third-party tracking, and monitor your interaction with such embedded content, including tracking your interaction with such content if you have an account and are logged in to that website.<\/p><p><b>Who we share your data with<\/b><b><\/b><\/p><p>If you request a password reset, your IP address will be included in the reset email.<\/p><p><b>How long do we keep your data?<\/b><b><\/b><\/p><p>If you leave a comment, it and its metadata are retained indefinitely. This allows us to automatically recognize and approve any subsequent comments instead of holding them in a moderation queue.<\/p><p>For users who register on our website (if any), we also store the personal information they provide in their user profile. All users can view, edit, or delete their personal information at any time (except they cannot change their username). Website administrators can also view and edit this information.<\/p><p><b>What rights do you have over your data?<\/b><b><\/b><\/p><p>If you have an account on this site or have left comments, you can request to receive an exported file of the personal data we hold about you, including any data you have provided to us. You can also request that we erase any personal data we hold about you. This does not include data we are obliged to keep for administrative, legal, or security purposes.<\/p><p><b>Where your data is sent<\/b><b><\/b><\/p><p>Visitor comments may be reviewed by an automated spam detection service.<\/p>\t\t\t\t\t\t\t\t<\/div>\n\t\t\t\t<\/div>\n\t\t\t\t\t<\/div>\n\t\t\t\t<\/div>\n\t\t<div class=\"elementor-element elementor-element-78b03a71 e-flex e-con-boxed e-con e-parent\" data-id=\"78b03a71\" data-element_type=\"container\" data-e-type=\"container\" data-settings=\"{&quot;background_background&quot;:&quot;classic&quot;}\">\n\t\t\t\t\t<div class=\"e-con-inner\">\n\t\t\t\t<div class=\"elementor-element elementor-element-32f1469b elementor-align-center elementor-widget elementor-widget-button\" data-id=\"32f1469b\" data-element_type=\"widget\" data-e-type=\"widget\" data-widget_type=\"button.default\">\n\t\t\t\t<div class=\"elementor-widget-container\">\n\t\t\t\t\t\t\t\t\t<div class=\"elementor-button-wrapper\">\n\t\t\t\t\t<a class=\"elementor-button elementor-button-link elementor-size-sm\" href=\"https:\/\/nebulizacion.eu\/wp-content\/uploads\/2025\/09\/Politica-Calidad-Samarketing-10-19-2.pdf\" target=\"_blank\">\n\t\t\t\t\t\t<span class=\"elementor-button-content-wrapper\">\n\t\t\t\t\t\t\t\t\t<span class=\"elementor-button-text\">Download the document<\/span>\n\t\t\t\t\t<\/span>\n\t\t\t\t\t<\/a>\n\t\t\t\t<\/div>\n\t\t\t\t\t\t\t\t<\/div>\n\t\t\t\t<\/div>\n\t\t\t\t\t<\/div>\n\t\t\t\t<\/div>\n\t\t\t\t<\/div>","protected":false},"excerpt":{"rendered":"<p>Pol\u00edtica de privacidad Qui\u00e9nes somos Samarketing SLLa direcci\u00f3n de nuestro sitio web es https:\/\/hydrofresh.es Comentarios Cuando los visitantes dejan comentarios en el sitio, recopilamos los datos que se muestran en el formulario de comentarios, as\u00ed como la direcci\u00f3n IP del visitante y la cadena de agente de usuario del navegador para facilitar la detecci\u00f3n de &#8230; <a title=\"Pol\u00edtica de Privacidad\" class=\"read-more\" href=\"https:\/\/nebulizacion.eu\/en\/politica_de_privacidad\/\" aria-label=\"Read more about Pol\u00edtica de Privacidad\">Read more<\/a><\/p>","protected":false},"author":4,"featured_media":0,"parent":0,"menu_order":0,"comment_status":"closed","ping_status":"closed","template":"elementor_header_footer","meta":{"footnotes":""},"class_list":["post-3","page","type-page","status-publish"],"_links":{"self":[{"href":"https:\/\/nebulizacion.eu\/en\/wp-json\/wp\/v2\/pages\/3","targetHints":{"allow":["GET"]}}],"collection":[{"href":"https:\/\/nebulizacion.eu\/en\/wp-json\/wp\/v2\/pages"}],"about":[{"href":"https:\/\/nebulizacion.eu\/en\/wp-json\/wp\/v2\/types\/page"}],"author":[{"embeddable":true,"href":"https:\/\/nebulizacion.eu\/en\/wp-json\/wp\/v2\/users\/4"}],"replies":[{"embeddable":true,"href":"https:\/\/nebulizacion.eu\/en\/wp-json\/wp\/v2\/comments?post=3"}],"version-history":[{"count":47,"href":"https:\/\/nebulizacion.eu\/en\/wp-json\/wp\/v2\/pages\/3\/revisions"}],"predecessor-version":[{"id":2030,"href":"https:\/\/nebulizacion.eu\/en\/wp-json\/wp\/v2\/pages\/3\/revisions\/2030"}],"wp:attachment":[{"href":"https:\/\/nebulizacion.eu\/en\/wp-json\/wp\/v2\/media?parent=3"}],"curies":[{"name":"wp","href":"https:\/\/api.w.org\/{rel}","templated":true}]}}